{"id":1675,"date":"2022-05-31T13:40:36","date_gmt":"2022-05-31T11:40:36","guid":{"rendered":"http:\/\/badmintonandalucia.es\/badmintonsinbarreras\/?page_id=1675"},"modified":"2022-06-01T09:28:57","modified_gmt":"2022-06-01T07:28:57","slug":"aspapronias-2","status":"publish","type":"page","link":"https:\/\/badmintonandalucia.es\/badmintonsinbarreras\/aspapronias-2\/","title":{"rendered":"ASPAPRONIAS"},"content":{"rendered":"<div class=\"wp-block-image\">\n<figure class=\"aligncenter size-large is-resized\"><img loading=\"lazy\" src=\"http:\/\/badmintonandalucia.es\/badmintonsinbarreras\/wp-content\/uploads\/2019\/06\/ASPAPRONIAS-logo-calidad-1024x338.jpg\" alt=\"\" class=\"wp-image-1411\" width=\"649\" height=\"214\" srcset=\"https:\/\/badmintonandalucia.es\/badmintonsinbarreras\/wp-content\/uploads\/2019\/06\/ASPAPRONIAS-logo-calidad.jpg 1024w, https:\/\/badmintonandalucia.es\/badmintonsinbarreras\/wp-content\/uploads\/2019\/06\/ASPAPRONIAS-logo-calidad-300x99.jpg 300w, https:\/\/badmintonandalucia.es\/badmintonsinbarreras\/wp-content\/uploads\/2019\/06\/ASPAPRONIAS-logo-calidad-768x254.jpg 768w\" sizes=\"(max-width: 649px) 100vw, 649px\" \/><\/figure><\/div>\n\n\n<p>La ASOCIACI\u00d3N DE PADRES Y PROTECTORES DE PERSONAS CON DISCAPACIDAD INTELECTUAL DE HUELVA, en adelante ASPAPRONIAS, es una entidad privada sin \u00e1nimo de lucro cuya finalidad es contribuir a la mejora de la calidad de vida de las personas con discapacidad intelectual y sus familias mediante la prestaci\u00f3n de los apoyos y servicios necesarios.<\/p>\n\n\n\n<p>Asimismo,\nASPAPRONIAS contribuye a la promoci\u00f3n de los derechos de las Personas con\nDiscapacidad Intelectual, logrando la m\u00e1xima autonom\u00eda y la integraci\u00f3n social\ny\/o laboral de las mismas, procurando la participaci\u00f3n de todos los miembros\nque forman la Asociaci\u00f3n, y promoviendo una cultura de Calidad en la\nOrganizaci\u00f3n.<\/p>\n\n\n\n<p>Nuestros\nservicios y centros de atenci\u00f3n a personas con discapacidad intelectual\npromueven comunidades m\u00e1s inclusivas y participativas tejiendo alianzas,\ncompartiendo valores y proyectos comunes a otras organizaciones.<\/p>\n\n\n\n<p>En\neste sentido venimos compartiendo con la federaci\u00f3n de Badminton, no solo\nactividades para la pr\u00e1ctica de este deporte entre nuestros usuarios, sino que\nadem\u00e1s hemos participado como PERSONAS VOLUNTARIAS en la ORGANIZACI\u00d3N DEL\nCAMPEONATO DE ESPA\u00d1A DE B\u00c1DMINTON, que ha tenido lugar desde el 30 de\nseptiembre hasta el 3 de octubre en el Pabell\u00f3n de Carolina Mar\u00edn de Huelva,\ndemostrando una vez m\u00e1s, que SOMOS PERSONAS QUE SUMAMOS A NUESTRA SOCIEDAD, es\npor ello, que ASPAPRONIAS apuesta por una INCLUSI\u00d3N REAL EN LA COMUNIDAD y\nagradece a la federaci\u00f3n de Badminton y a todas las organizaciones que hacen\nposible nuestra participaci\u00f3n. <\/p>\n","protected":false},"excerpt":{"rendered":"<p>La ASOCIACI\u00d3N DE PADRES Y PROTECTORES DE PERSONAS CON DISCAPACIDAD INTELECTUAL DE HUELVA, en adelante ASPAPRONIAS, es una entidad privada sin \u00e1nimo de lucro cuya finalidad es contribuir a la &#8230;<\/p>\n","protected":false},"author":1,"featured_media":0,"parent":0,"menu_order":0,"comment_status":"closed","ping_status":"closed","template":"","meta":[],"_links":{"self":[{"href":"https:\/\/badmintonandalucia.es\/badmintonsinbarreras\/wp-json\/wp\/v2\/pages\/1675"}],"collection":[{"href":"https:\/\/badmintonandalucia.es\/badmintonsinbarreras\/wp-json\/wp\/v2\/pages"}],"about":[{"href":"https:\/\/badmintonandalucia.es\/badmintonsinbarreras\/wp-json\/wp\/v2\/types\/page"}],"author":[{"embeddable":true,"href":"https:\/\/badmintonandalucia.es\/badmintonsinbarreras\/wp-json\/wp\/v2\/users\/1"}],"replies":[{"embeddable":true,"href":"https:\/\/badmintonandalucia.es\/badmintonsinbarreras\/wp-json\/wp\/v2\/comments?post=1675"}],"version-history":[{"count":3,"href":"https:\/\/badmintonandalucia.es\/badmintonsinbarreras\/wp-json\/wp\/v2\/pages\/1675\/revisions"}],"predecessor-version":[{"id":1704,"href":"https:\/\/badmintonandalucia.es\/badmintonsinbarreras\/wp-json\/wp\/v2\/pages\/1675\/revisions\/1704"}],"wp:attachment":[{"href":"https:\/\/badmintonandalucia.es\/badmintonsinbarreras\/wp-json\/wp\/v2\/media?parent=1675"}],"curies":[{"name":"wp","href":"https:\/\/api.w.org\/{rel}","templated":true}]}}