{"id":1673,"date":"2022-05-31T13:39:56","date_gmt":"2022-05-31T11:39:56","guid":{"rendered":"http:\/\/badmintonandalucia.es\/badmintonsinbarreras\/?page_id=1673"},"modified":"2022-06-01T09:27:32","modified_gmt":"2022-06-01T07:27:32","slug":"ansares","status":"publish","type":"page","link":"https:\/\/badmintonandalucia.es\/badmintonsinbarreras\/ansares\/","title":{"rendered":"ANSARES"},"content":{"rendered":"<div class=\"wp-block-image\">\n<figure class=\"aligncenter size-full\"><a href=\"https:\/\/www.autismohuelva.org\/\"><img loading=\"lazy\" width=\"250\" height=\"250\" src=\"http:\/\/badmintonandalucia.es\/badmintonsinbarreras\/wp-content\/uploads\/2022\/05\/LOGO_VECT_ANSARES.png\" alt=\"\" class=\"wp-image-1695\" srcset=\"https:\/\/badmintonandalucia.es\/badmintonsinbarreras\/wp-content\/uploads\/2022\/05\/LOGO_VECT_ANSARES.png 250w, https:\/\/badmintonandalucia.es\/badmintonsinbarreras\/wp-content\/uploads\/2022\/05\/LOGO_VECT_ANSARES-150x150.png 150w\" sizes=\"(max-width: 250px) 100vw, 250px\" \/><\/a><\/figure><\/div>\n\n\n<p><\/p>\n\n\n\n<p><strong>Autismo Huelva \u201c\u00c1nsares\u201d<\/strong> es un proyecto que inicia un grupo de padres a finales de la d\u00e9cada de los noventa como consecuencia de la necesidad de que en Huelva y provincia exista una entidad que trate de forma espec\u00edfica el Trastornos de Espectro Autista de sus hijos\/as.\u00a0<\/p>\n\n\n\n<p>Nos constituimos como\nAsociaci\u00f3n sin \u00c1nimo de lucro y pertenecemos a diferentes plataformas locales,\nauton\u00f3micas y estatales como la Confederaci\u00f3n de Autismo Espa\u00f1a, Autismo\nAndaluc\u00eda o El Consejo de Autonom\u00eda Local y Accesibilidad de Huelva para luchar\npor mejorar la calidad de vida tanto de nuestros usuarios\/as como de sus\nfamiliares, tratando espec\u00edfica e integralmente el Autismo.&nbsp;<\/p>\n\n\n\n<p>Tras a\u00f1os de trabajo\ny esfuerzo, encaminamos nuestra MISI\u00d3N, VISI\u00d3N Y VALORES hacia la siguiente\ndirecci\u00f3n de futuro:&nbsp;<\/p>\n\n\n\n<ul><li><strong>MISI\u00d3N&nbsp;<\/strong>&nbsp;<\/li><\/ul>\n\n\n\n<p>Nuestra\u202fMISI\u00d3N\u202fes mejorar la calidad de vida\nde las personas con TEA y sus familiares, acompa\u00f1ar a las personas con\nTrastorno del Espectro del Autismo y sus familias para que puedan lograr su\ninclusi\u00f3n social como ciudadano de pleno derecho, ofreciendo para ellos\nservicios especializados y apoyos que cubran sus expectativas y necesidades a\nlo largo de todo su ciclo vital.&nbsp;&nbsp;<\/p>\n\n\n\n<p>Calidad de vida: Trabajar y dise\u00f1ar apoyos y\nobjetivos de intervenci\u00f3n orientados a mejorar la calidad de vida de las\npersonas con TEA y sus familias.&nbsp;&nbsp;<\/p>\n\n\n\n<p>Inclusi\u00f3n Social: Acompa\u00f1ar a las personas\ncon trastornos del espectro del autismo y sus familias a logar una\nparticipaci\u00f3n en la sociedad.&nbsp;&nbsp;<\/p>\n\n\n\n<p>Especializaci\u00f3n: Seguir aumentando la\nespecializaci\u00f3n y formaci\u00f3n de nuestro equipo en su conocimiento de los\nTrastornos del Espectro del autismo.&nbsp;&nbsp;&nbsp;<\/p>\n\n\n\n<p>Visibilizaci\u00f3n: Establecer estrategias y\nactividades que nos ayuden a dar voz a las personas con TEA y sus familias.\nAportar informaci\u00f3n a la sociedad sobre nuestro colectivo y sensibilizar sobre\nlas necesidades de apoyos que favorezcan su inclusi\u00f3n social.&nbsp;&nbsp;<\/p>\n\n\n\n<p>Apoyos en todo el ciclo vital: Conseguir que\nlos apoyos que se prestan a las personas con TEA y su familia se ajuste a las\ndiferentes etapas vitales de las personas y sus necesidades espec\u00edficas.&nbsp;&nbsp;<\/p>\n\n\n\n<ul><li><strong>VISI\u00d3N&nbsp;<\/strong>&nbsp;<\/li><\/ul>\n\n\n\n<p>Nuestra VISI\u00d3N, ser el referente en la\nprovincia de Huelva como entidad comprometida en mejorar la calidad de vida de\nlas personas con TEA y sus familias.&nbsp;&nbsp;<\/p>\n\n\n\n<p>Buscando alianzas con otras entidades y con\nla administraci\u00f3n para que apoyen nuestros objetivos y proyectos.&nbsp;&nbsp;<\/p>\n\n\n\n<p>Consolidando y aumentando un equipo\nespecializado en TEA y comprometidos con la misi\u00f3n de nuestra entidad.&nbsp;&nbsp;<\/p>\n\n\n\n<p>Sensibilizando a la sociedad y participando\nde manera activa en entornos naturales que nos ayude a visibilizar nuestro\ncolectivo, consiguiendo de esta forma apoyos m\u00e1s adecuados.&nbsp;&nbsp;<\/p>\n\n\n\n<p>Mejorando y ampliando nuestras instalaciones\npara que puedan ofrecer ayuda, asesoramiento y formaci\u00f3n a cada vez m\u00e1s\npersonas con Tea, familiares y otros profesionales implicados con nuestro\ncolectivo.&nbsp;&nbsp;<\/p>\n\n\n\n<ul><li><strong>VALORES<\/strong><strong>&nbsp;<\/strong>&nbsp;<\/li><\/ul>\n\n\n\n<p>Aprendizaje continuo: Compromiso de nuestro\nequipo en llevar a cabo un aprendizaje continuo, que nos ayude a mejorar en la\natenci\u00f3n a las personas con TEA. Adaptarse a los cambios, nuevas t\u00e9cnicas,\nformas de trabajo y diferentes necesidades que pueden aparecer a lo largo de\nlas diferentes etapas vitales.&nbsp;&nbsp;<\/p>\n\n\n\n<p>Compromiso social: Ofrecer informaci\u00f3n\nconstante y actualizada a la sociedad sobre las personas con TEA. Buscar la\nimplicaci\u00f3n y apoyo de las diferentes redes sociales que forman parte de\nnuestra comunidad, incluidos nuestros socios. El compromiso de todos y todas es\nsensibilizar a la sociedad para conseguir una mejora en los apoyos que\nnecesitan las personas con TEA.&nbsp;&nbsp;<\/p>\n\n\n\n<p>Trabajo en equipo: Nuestro equipo est\u00e1\ncomprometido con el trabajo conjunto entre todos los profesionales de nuestra\nentidad, teniendo reuniones de coordinaci\u00f3n semanales donde se comparten\nconocimientos y se dan diferentes puntos de vista a las situaciones que se plantean.\nTrabajar en equipo con las familias y los diferentes contextos donde se\ndesarrolla la persona con TEA es otro de nuestros objetivos m\u00e1s\nimportantes.&nbsp;&nbsp;<\/p>\n\n\n\n<p>Intervenci\u00f3n centrada en la persona: Nuestro\nprincipal objetivo es la persona con TEA y su familia, para ello se establecen\nobjetivos individuales, siempre teniendo en cuenta las necesidades y fortalezas\nde cada persona. Estos objetivos son revisados constantemente y podr\u00e1n ser\nmodificados, ampliados o mejorados.&nbsp;&nbsp;<\/p>\n\n\n\n<p>Derechos: Todo nuestro trabajo se basa en el\nrespeto de los derechos de las personas con TEA, recogidos en la carta de\nderechos de las personas con TEA adoptada con el Parlamento Europeo.&nbsp;&nbsp;<\/p>\n\n\n\n<p>RAZ\u00d3N SOCIAL:\nAsociaci\u00f3n Autismo Huelva, \u00c1nsares&nbsp;<\/p>\n\n\n\n<p>SEDE SOCIAL:\nC\/ Condado N.\u00ba 12. C.P. 21005 de Huelva.&nbsp;<\/p>\n\n\n\n<p>TEL\u00c9FONO Y FAX:\n959.155602 \/610861487&nbsp;<\/p>\n\n\n\n<p>CORREO ELECTR\u00d3NICO:&nbsp;\n<a href=\"blank\" target=\"_blank\" rel=\"noreferrer noopener\">info@autismohuelva.org<\/a>&nbsp;&nbsp;<\/p>\n\n\n\n<p>P\u00c1GINA WEB:\n<a href=\"blank\" target=\"_blank\" rel=\"noreferrer noopener\">www.autismoansares.org<\/a>&nbsp;<\/p>\n\n\n\n<p>FECHA DE CONSTITUCI\u00d3N:\n29 DE ENERO DE 1.999&nbsp;<\/p>\n\n\n\n<p>REGISTRO DE ASOCIACIONES:\n2.040. Sec. 1\u00aa&nbsp;<\/p>\n\n\n\n<p>UTILIDAD P\u00daBLICA:\nOrden INT\/98\/2019 de 23 de enero.&nbsp;<\/p>\n\n\n\n<p><strong>\u00bfD\u00d3NDE\nEST\u00c1 REGISTRADA E INSCRITA?<\/strong>&nbsp;<\/p>\n\n\n\n<p>\u00c1NSARES fue inscrita\nen el Registro de Asociaciones de la Delegaci\u00f3n del Gobierno de la Junta de\nAndaluc\u00eda el 5 de abril de 1999, con el n\u00ba 2.040. Secci\u00f3n 1\u00aa. Cuenta con el\nC.I.F.&nbsp;&nbsp;&nbsp;&nbsp;&nbsp;&nbsp;&nbsp;&nbsp;&nbsp;&nbsp;&nbsp;&nbsp;&nbsp;&nbsp;&nbsp;&nbsp;&nbsp;&nbsp;&nbsp;&nbsp;&nbsp;&nbsp;&nbsp;\nG-21275383, y tiene su domicilio fiscal y social en la C\/ Condado, N.\u00ba 12, C.P.\n21005 de Huelva.&nbsp;<\/p>\n\n\n\n<p>Esta entidad es miembro de la Federaci\u00f3n\nAutismo Espa\u00f1a, Federaci\u00f3n Espa\u00f1ola de Asociaciones de Padres\/Tutores de\nPersonas con Autismo (FESPAU), y la Federaci\u00f3n Autismo Andaluc\u00eda. Estando\nRegistrada:&nbsp;<\/p>\n\n\n\n<ul><li>Registro Provincial\nde Asociaciones de la Delegaci\u00f3n del Gobierno de la Junta de Andaluc\u00eda, con el\nn\u00famero 2040 de la Secci\u00f3n 1\u00aa.&nbsp;<\/li><li>Registro de\nEntidades, Servicios y Centros de Servicios Sociales de la Consejer\u00eda para la\nIgualdad, Pol\u00edticas Sociales y Conciliaci\u00f3n de la Junta de Andaluc\u00eda, con el\nn\u00famero AS. IASS\/E\/3502.&nbsp;<\/li><li>Registro Municipal de\nAsociaciones, del Excmo. Ayuntamiento de Huelva, con el n\u00famero 238.&nbsp;<\/li><li>Censo Provincial de\nAsociaciones de Padres, de la Consejer\u00eda de Educaci\u00f3n y Deporte de la Junta de\nAndaluc\u00eda, con el n\u00famero 163.&nbsp;<\/li><li>Registro de Ayuda\nMutua y Autoayuda de Salud, de la Consejer\u00eda de Salud y Familia, con el n\u00famero\n516\/00.&nbsp;<\/li><li>Registro Andaluz de\nEntidades Deportivas, de la Consejer\u00eda de Turismo, Regeneraci\u00f3n, Justicia y\nAdministraci\u00f3n Local de la Junta de Andaluc\u00eda, con el n\u00famero 10321 de la\nSecci\u00f3n 4\u00aa.&nbsp;<\/li><\/ul>\n\n\n\n<p><strong>\u00bfDE QU\u00c9\nENTIDADES SOMOS MIEMBRO?<\/strong>&nbsp;<\/p>\n\n\n\n<ul><li>Confederaci\u00f3n Autismo\nEspa\u00f1a (CAE).&nbsp;<\/li><li>Federaci\u00f3n Espa\u00f1ola\nde Asociaciones de Padres de Autistas (FESPAU).&nbsp;<\/li><li>Federaci\u00f3n Autismo\nAndaluc\u00eda (FAA).&nbsp;<\/li><li>CERMI (Comit\u00e9 de\nEntidades Representantes de Minusv\u00e1lidos) Andaluz.&nbsp;<ul><li>Consejo Provincial de\nPersonas con Discapacidad de la Consejer\u00eda para la Igualdad, Pol\u00edticas Sociales\ny Conciliaci\u00f3n.&nbsp;<\/li><\/ul><\/li><li>Consejo Local de\nDiscapacitad del Excmo. Ayuntamiento de Huelva.&nbsp;<\/li><li>Consejo Local de\nSalud del Excmo. Ayuntamiento de Huelva.&nbsp;<\/li><li>Comisi\u00f3n de\nAccesibilidad del CLAP. Ayuntamiento de Huelva.&nbsp;<\/li><li>Entidad colaboradora\ncon Aguas de Huelva y Hospital Juan Ram\u00f3n Jim\u00e9nez&nbsp;<\/li><\/ul>\n\n\n\n<p><strong>\u00bfCUALES\nSON NUESTROS OBJETIVOS?<\/strong>&nbsp;<\/p>\n\n\n\n<p><strong>OBJETIVO\nGENERAL:<\/strong>&nbsp;<\/p>\n\n\n\n<p>\u00c1NSARES tiene como\nfinalidad gen\u00e9rica el mejorar la calidad de vida de las personas afectadas por\ncualquier trastorno del espectro del autismo y de sus familias, en la provincia\nde Huelva. Para la consecuci\u00f3n de este fin gen\u00e9rico, se marca una serie de Objetivos\nEspec\u00edficos en sus Estatutos (art. 6):&nbsp;<\/p>\n\n\n\n<ol><li>La defensa de los\nderechos de los asociados.&nbsp;<\/li><li>La integraci\u00f3n y\nnormalizaci\u00f3n del discapacitado en su entorno natural, familiar, escolar,\nsocial y laboral.&nbsp;<\/li><li>Orientar a los\nasociados en su misi\u00f3n y responsabilidad educadora.&nbsp;<\/li><li>Informar a los\nasociados, dando su apoyo para la consecuci\u00f3n, sobre prestaciones, becas,\nayudas econ\u00f3micas, asistenciales y cualquier otro beneficio que la Comunidad\nAut\u00f3noma Andaluza u otros Organismos establezcan.&nbsp;<\/li><li>Divulgaci\u00f3n de las t\u00e9cnicas\nde rehabilitaci\u00f3n y educaci\u00f3n a los padres o tutores de los discapacitados.&nbsp;<\/li><li>Promover el bien\ncom\u00fan de los discapacitados con T.E.A., a trav\u00e9s de actividades asistenciales,\neducativas, recreativas, culturales y deportivas, mediante la promoci\u00f3n, creaci\u00f3n,\norganizaci\u00f3n o patrocinio de centros de diagnosis y evaluaci\u00f3n, unidades de\natenci\u00f3n especializada, investigaci\u00f3n y experimentaci\u00f3n, centros de terapia\npara personas con T.E.A., centros de educaci\u00f3n especial, residencias, unidades\nde capacitaci\u00f3n para el trabajo, talleres protegidos, unidades hospitalarias y\nservicios sanitarios, de conformidad con los planes de actuaci\u00f3n que apruebe la\nAsamblea General.&nbsp;<\/li><li>Formaci\u00f3n de\nProfesorado.&nbsp;<\/li><li>Y, en general,\ncualquier otra finalidad an\u00e1loga a las anteriores que vaya en beneficio de un\nmejor desarrollo e integraci\u00f3n del discapacitado con T.E.A.&nbsp;<\/li><\/ol>\n\n\n\n<p><strong>Los servicios<\/strong>\ncon\nlos que contamos son: Centro de Atenci\u00f3n Infantil temprana (CAIT) concertado\ncon la Consejer\u00eda de Salud y Familias de la Junta de Andaluc\u00eda, Centro de Dia\npara personas adultas concertado con la Consejer\u00eda de Igualdad, Pol\u00edticas\nSociales y Conciliaci\u00f3n de la Junta de Andaluc\u00eda, Unidad Terap\u00e9utica,\nActividades de ocio inclusivo y Programas de Respiro Familiar, Actividades de\nconciliaci\u00f3n familiar, Escuelas de familias, Actividades formativas y de\ndifusi\u00f3n\/sensibilizaci\u00f3n.<\/p>\n\n\n\n<p>La participaci\u00f3n de nuestra entidad en actividades\ncomo el <strong><em>\u201cBADMINTON SIN BARRERAS\u201d<\/em><\/strong>, proporciona a nuestros usuarios una experiencia\ndeportiva, importantes para mantener un \u00f3ptimo estado de salud, evitar la\nobesidad, favorecer una mayor autonom\u00eda personal,\nfomentar una adecuada motricidad y favorecer la socializaci\u00f3n, as\u00ed como promover habilidades de autocuidado, elecci\u00f3n, diversificaci\u00f3n de\nintereses y facilitar la participaci\u00f3n de la persona con TEA en su entorno\npr\u00f3ximo y en la sociedad en general.<\/p>\n\n\n\n<p>&nbsp;&nbsp;&nbsp;&nbsp;&nbsp;&nbsp;&nbsp;&nbsp;&nbsp;&nbsp;&nbsp;&nbsp;&nbsp;&nbsp;&nbsp; Autismo\nHuelva \u00c1nsares, trabaja de manera espec\u00edfica en beneficio de las personas con\nautismo de la provincia de Huelva, con el objetivo de una plena inclusi\u00f3n de\nnuestro colectivo en todas las actividades sociales, a trav\u00e9s de la adaptaci\u00f3n\ndel medio y de la formaci\u00f3n de profesionales en todas las \u00e1reas, para\nposibilitar el acceso a personas con autismo de cualquier servicio de la\nsociedad.<\/p>\n","protected":false},"excerpt":{"rendered":"<p>Autismo Huelva \u201c\u00c1nsares\u201d es un proyecto que inicia un grupo de padres a finales de la d\u00e9cada de los noventa como consecuencia de la necesidad de que en Huelva y &#8230;<\/p>\n","protected":false},"author":1,"featured_media":0,"parent":0,"menu_order":0,"comment_status":"closed","ping_status":"closed","template":"","meta":[],"_links":{"self":[{"href":"https:\/\/badmintonandalucia.es\/badmintonsinbarreras\/wp-json\/wp\/v2\/pages\/1673"}],"collection":[{"href":"https:\/\/badmintonandalucia.es\/badmintonsinbarreras\/wp-json\/wp\/v2\/pages"}],"about":[{"href":"https:\/\/badmintonandalucia.es\/badmintonsinbarreras\/wp-json\/wp\/v2\/types\/page"}],"author":[{"embeddable":true,"href":"https:\/\/badmintonandalucia.es\/badmintonsinbarreras\/wp-json\/wp\/v2\/users\/1"}],"replies":[{"embeddable":true,"href":"https:\/\/badmintonandalucia.es\/badmintonsinbarreras\/wp-json\/wp\/v2\/comments?post=1673"}],"version-history":[{"count":3,"href":"https:\/\/badmintonandalucia.es\/badmintonsinbarreras\/wp-json\/wp\/v2\/pages\/1673\/revisions"}],"predecessor-version":[{"id":1702,"href":"https:\/\/badmintonandalucia.es\/badmintonsinbarreras\/wp-json\/wp\/v2\/pages\/1673\/revisions\/1702"}],"wp:attachment":[{"href":"https:\/\/badmintonandalucia.es\/badmintonsinbarreras\/wp-json\/wp\/v2\/media?parent=1673"}],"curies":[{"name":"wp","href":"https:\/\/api.w.org\/{rel}","templated":true}]}}